{"id":4223,"date":"2021-12-22T20:03:15","date_gmt":"2021-12-22T20:03:15","guid":{"rendered":"https:\/\/www.hanan-pacha.com\/secure-payments\/"},"modified":"2021-12-22T20:03:16","modified_gmt":"2021-12-22T20:03:16","slug":"secure-payments","status":"publish","type":"page","link":"https:\/\/www.hanan-pacha.com\/en\/secure-payments\/","title":{"rendered":"Secure Payments"},"content":{"rendered":"<h1><strong>PAGO ONLINE SEGURO<br \/>\n<\/strong><\/h1>\n<p>El pago mediante tarjeta de cr\u00e9dito o Paypal es totalmente seguro. La totalidad de la transacci\u00f3n se realiza de forma cifrada a trav\u00e9s de un servidor de validaci\u00f3n bancaria utiliz\u00e1ndose el protocolo de encriptaci\u00f3n SSL (Secure Socket Layer), as\u00ed pues, el n\u00famero de tu tarjeta de cr\u00e9dito y la fecha de caducidad quedan instant\u00e1neamente encriptados en tu ordenador antes de ser enviados al protocolo SSL.<\/p>\n<p>Aceptamos pagos con tarjeta Visa, Mastercard y American Express. Adem\u00e1s, de Paypal.<\/p>\n<p><img loading=\"lazy\" decoding=\"async\" src=\"https:\/\/img.loccitane.com\/ocms\/img\/lib\/_staticcontent\/37009.gif\" width=\"45\" height=\"28\" border=\"0\" alt=\"\" title=\"\">  <img loading=\"lazy\" decoding=\"async\" src=\"https:\/\/img.loccitane.com\/ocms\/img\/lib\/_staticcontent\/37012.gif\" width=\"45\" height=\"28\" border=\"0\" alt=\"\" title=\"\">  <img loading=\"lazy\" decoding=\"async\" src=\"https:\/\/img.loccitane.com\/ocms\/img\/lib\/_staticcontent\/37011.gif\" width=\"45\" height=\"28\" border=\"0\" alt=\"\" title=\"\">  <img loading=\"lazy\" decoding=\"async\" src=\"https:\/\/img.loccitane.com\/ocms\/img\/lib\/flag\/OCC_154498.jpg\" width=\"50\" height=\"32\" border=\"0\" alt=\"\" title=\"\"><\/p>\n<p>HANAN PACHA le ofrece un sistema de compra segura, sin posibilidad de fraudes. Todos los datos confidenciales que se generan al operar con el sistema est\u00e1n cifrados. Podr\u00e1 comprobar que al realizar estas operaciones sensibles su navegador indica que est\u00e1 trabajando contra un servidor seguro. Las compras adquiridas y realizadas mediante la p\u00e1gina web ser\u00e1n realizadas mediante una pasarela de pago, que se encargar\u00e1 de verificar los datos de la tarjeta, la validez de la misma y en caso de autorizaci\u00f3n previa y expresa por parte del consumidor el almacenamiento de sus datos de car\u00e1cter personal con el fin de reducir los tr\u00e1mites en caso de adquisiciones futuras. El pago mediante tarjeta de cr\u00e9dito es totalmente seguro. La empresa encargada de llevar a cabo el procedimiento de pago seguro, indicar\u00e1 los pasos a seguir; debiendo introducir el n\u00famero de tarjeta, fecha de caducidad y titular de la misma.<\/p>\n<p>En caso de devoluciones de productos adquiridos a trav\u00e9s de la p\u00e1gina web, por cualquier motivo, el reintegro tendr\u00e1 lugar en las mismas condiciones que se produjo el pago; si \u00e9ste fuera por tarjeta de cr\u00e9dito, la empresa gestora del cobro, le reintegrar\u00e1 en cobro de manera autom\u00e1tica; s\u00f3lo en el caso que se produjera un segundo reintegro por un mismo pedido, la empresa responsable del cobro, se pondr\u00e1 en contacto con el consumidor para que cumplimente los datos de la misma.<\/p>\n<p>En caso de usuario REGISTRADO puede utilizar la opci\u00f3n de selecci\u00f3n de tarjeta de su lista de tarjetas asociadas. HANAN PACHA no proceder\u00e1 a tramitar el env\u00edo de los productos solicitados hasta que el emisor de tu tarjeta de cr\u00e9dito haya autorizado su uso para el pedido concreto. La titularidad de los bienes se traspasar\u00e1 al comprador en el momento en el que \u00e9ste efect\u00fae el pago. De igual modo HANAN PACHA en ning\u00fan caso de har\u00e1 responsable de cualquier da\u00f1o o perjuicio derivado de un incorrecto funcionamiento de la empresa que est\u00e1 encargada de la gesti\u00f3n del pago de parte de HANAN PACHA, siendo responsable la empresa asociada una vez que se haya abandonado la web de HANAN PACHA, que ser\u00e1 debidamente comunicado al Usuario.<\/p>\n","protected":false},"excerpt":{"rendered":"<p>PAGO ONLINE SEGURO El pago mediante tarjeta de cr\u00e9dito o Paypal es totalmente seguro. La totalidad de la transacci\u00f3n se realiza de forma cifrada a trav\u00e9s de un servidor de validaci\u00f3n bancaria utiliz\u00e1ndose el protocolo de encriptaci\u00f3n SSL (Secure Socket Layer), as\u00ed pues, el n\u00famero&#8230;<\/p>\n","protected":false},"author":2,"featured_media":0,"parent":0,"menu_order":0,"comment_status":"closed","ping_status":"closed","template":"","meta":{"footnotes":""},"class_list":["post-4223","page","type-page","status-publish","hentry"],"_links":{"self":[{"href":"https:\/\/www.hanan-pacha.com\/en\/wp-json\/wp\/v2\/pages\/4223","targetHints":{"allow":["GET"]}}],"collection":[{"href":"https:\/\/www.hanan-pacha.com\/en\/wp-json\/wp\/v2\/pages"}],"about":[{"href":"https:\/\/www.hanan-pacha.com\/en\/wp-json\/wp\/v2\/types\/page"}],"author":[{"embeddable":true,"href":"https:\/\/www.hanan-pacha.com\/en\/wp-json\/wp\/v2\/users\/2"}],"replies":[{"embeddable":true,"href":"https:\/\/www.hanan-pacha.com\/en\/wp-json\/wp\/v2\/comments?post=4223"}],"version-history":[{"count":0,"href":"https:\/\/www.hanan-pacha.com\/en\/wp-json\/wp\/v2\/pages\/4223\/revisions"}],"wp:attachment":[{"href":"https:\/\/www.hanan-pacha.com\/en\/wp-json\/wp\/v2\/media?parent=4223"}],"curies":[{"name":"wp","href":"https:\/\/api.w.org\/{rel}","templated":true}]}}