{"id":1912,"date":"2021-03-24T14:49:33","date_gmt":"2021-03-24T14:49:33","guid":{"rendered":"https:\/\/www.hanan-pacha.com\/?post_type=product&#038;p=1912"},"modified":"2021-04-10T00:15:43","modified_gmt":"2021-04-10T00:15:43","slug":"small-diffuser-bw","status":"publish","type":"product","link":"https:\/\/www.hanan-pacha.com\/en\/product\/small-diffuser-bw\/","title":{"rendered":"Wall-Mounted Diffuser Black&#038;White"},"content":{"rendered":"<p>Difusor pared para ba\u00f1os y espacios peque\u00f1os.<\/p>\n<p>Se puede configurar en una zona horaria.<\/p>\n<p>Voltaje: 5V CC o 3 bater\u00edas<\/p>\n<p>Potencia: 3W<\/p>\n<p>Capacidad de 100ml<\/p>\n<p>\u00c1mbito de aplicaci\u00f3n: 50-100m3<\/p>\n<p>Peso neto: 0,35 kg Peso: 0,6 kg<\/p>\n<p>M\u00e9todo de instalaci\u00f3n: vertical\/montado en la pared<\/p>\n<p>Tama\u00f1o del producto: 115*55*145mm<\/p>\n<p>Tama\u00f1o interno del paquete: 178*87*208mm<\/p>\n<p>Material: pl\u00e1stico<\/p>\n","protected":false},"excerpt":{"rendered":"<p>Difusor pared para ba\u00f1os y espacios peque\u00f1os. Se puede configurar en una zona horaria. Voltaje: 5V CC o 3 bater\u00edas Potencia: 3W Capacidad de 100ml \u00c1mbito de aplicaci\u00f3n: 50-100m3 Peso neto: 0,35 kg Peso: 0,6 kg M\u00e9todo de instalaci\u00f3n: vertical\/montado en la pared Tama\u00f1o del&#8230;<\/p>\n","protected":false},"featured_media":1913,"comment_status":"open","ping_status":"closed","template":"","meta":[],"product_brand":[],"product_cat":[52,56],"product_tag":[88,87,89,147,92],"class_list":{"0":"post-1912","1":"product","2":"type-product","3":"status-publish","4":"has-post-thumbnail","6":"product_cat-fragrance-diffusers","7":"product_cat-small-diffusers","8":"product_tag-aroma-diffuser","9":"product_tag-diffuser","10":"product_tag-electrical-diffuser","11":"product_tag-fragrance-diffuser","12":"product_tag-scent-machine","13":"product_shipping_class-small","15":"first","16":"instock","17":"taxable","18":"shipping-taxable","19":"purchasable","20":"product-type-simple"},"_links":{"self":[{"href":"https:\/\/www.hanan-pacha.com\/en\/wp-json\/wp\/v2\/product\/1912","targetHints":{"allow":["GET"]}}],"collection":[{"href":"https:\/\/www.hanan-pacha.com\/en\/wp-json\/wp\/v2\/product"}],"about":[{"href":"https:\/\/www.hanan-pacha.com\/en\/wp-json\/wp\/v2\/types\/product"}],"replies":[{"embeddable":true,"href":"https:\/\/www.hanan-pacha.com\/en\/wp-json\/wp\/v2\/comments?post=1912"}],"wp:featuredmedia":[{"embeddable":true,"href":"https:\/\/www.hanan-pacha.com\/en\/wp-json\/wp\/v2\/media\/1913"}],"wp:attachment":[{"href":"https:\/\/www.hanan-pacha.com\/en\/wp-json\/wp\/v2\/media?parent=1912"}],"wp:term":[{"taxonomy":"product_brand","embeddable":true,"href":"https:\/\/www.hanan-pacha.com\/en\/wp-json\/wp\/v2\/product_brand?post=1912"},{"taxonomy":"product_cat","embeddable":true,"href":"https:\/\/www.hanan-pacha.com\/en\/wp-json\/wp\/v2\/product_cat?post=1912"},{"taxonomy":"product_tag","embeddable":true,"href":"https:\/\/www.hanan-pacha.com\/en\/wp-json\/wp\/v2\/product_tag?post=1912"}],"curies":[{"name":"wp","href":"https:\/\/api.w.org\/{rel}","templated":true}]}}