{"id":4262,"date":"2022-11-03T21:01:23","date_gmt":"2022-11-03T21:01:23","guid":{"rendered":"https:\/\/www.hanan-pacha.com\/?post_type=product&#038;p=4262"},"modified":"2022-12-05T08:51:18","modified_gmt":"2022-12-05T08:51:18","slug":"fragancia_ambientador_orangerie","status":"publish","type":"product","link":"https:\/\/www.hanan-pacha.com\/en\/product\/fragancia_ambientador_orangerie\/","title":{"rendered":"Ambientador Fragancia Orangerie"},"content":{"rendered":"<p>Ambientador fragancia ORANGERIE con aroma a naranjo fresco y ligeramente especiado.<\/p>\n<p>Base de benju\u00ed, coraz\u00f3n de neroli y especias y salida de petitgrain de naranjo y mandarino con un toque de naranja sanguina.<\/p>\n<p>Destapa el frasco e introduce los mikados o flor difusora de pulpa de madera para disfrutar de una ambientaci\u00f3n suave y natural durante 3-6 meses, dependiendo del tama\u00f1o, temperatura y ventilaci\u00f3n del espacio ambientado.<\/p>\n<p>100ml<\/p>\n","protected":false},"excerpt":{"rendered":"<p>Fragancia ambiente maderosa y seca<\/p>\n","protected":false},"featured_media":4187,"comment_status":"open","ping_status":"closed","template":"","meta":[],"product_brand":[],"product_cat":[68,94,76,75],"product_tag":[121,224,130,223],"class_list":{"0":"post-4262","1":"product","2":"type-product","3":"status-publish","4":"has-post-thumbnail","6":"product_cat-fragrance-diffusers","7":"product_cat-reed-diffusers","8":"product_cat-diffuser-fragrances-es","9":"product_cat-fragrancias","10":"product_tag-ambientador","11":"product_tag-azahar","12":"product_tag-fragancia","13":"product_tag-naranjo","14":"product_shipping_class-small-es","16":"first","17":"instock","18":"taxable","19":"shipping-taxable","20":"purchasable","21":"product-type-simple"},"_links":{"self":[{"href":"https:\/\/www.hanan-pacha.com\/en\/wp-json\/wp\/v2\/product\/4262","targetHints":{"allow":["GET"]}}],"collection":[{"href":"https:\/\/www.hanan-pacha.com\/en\/wp-json\/wp\/v2\/product"}],"about":[{"href":"https:\/\/www.hanan-pacha.com\/en\/wp-json\/wp\/v2\/types\/product"}],"replies":[{"embeddable":true,"href":"https:\/\/www.hanan-pacha.com\/en\/wp-json\/wp\/v2\/comments?post=4262"}],"wp:featuredmedia":[{"embeddable":true,"href":"https:\/\/www.hanan-pacha.com\/en\/wp-json\/wp\/v2\/media\/4187"}],"wp:attachment":[{"href":"https:\/\/www.hanan-pacha.com\/en\/wp-json\/wp\/v2\/media?parent=4262"}],"wp:term":[{"taxonomy":"product_brand","embeddable":true,"href":"https:\/\/www.hanan-pacha.com\/en\/wp-json\/wp\/v2\/product_brand?post=4262"},{"taxonomy":"product_cat","embeddable":true,"href":"https:\/\/www.hanan-pacha.com\/en\/wp-json\/wp\/v2\/product_cat?post=4262"},{"taxonomy":"product_tag","embeddable":true,"href":"https:\/\/www.hanan-pacha.com\/en\/wp-json\/wp\/v2\/product_tag?post=4262"}],"curies":[{"name":"wp","href":"https:\/\/api.w.org\/{rel}","templated":true}]}}