{"id":4275,"date":"2022-11-04T03:01:22","date_gmt":"2022-11-04T03:01:22","guid":{"rendered":"https:\/\/www.hanan-pacha.com\/?post_type=product&#038;p=4275"},"modified":"2022-12-05T08:48:54","modified_gmt":"2022-12-05T08:48:54","slug":"ambientador-fragancia-underwood","status":"publish","type":"product","link":"https:\/\/www.hanan-pacha.com\/en\/product\/ambientador-fragancia-underwood\/","title":{"rendered":"Ambientador Fragancia Underwood"},"content":{"rendered":"<p>Ambientador fragancia UNDERWOOD para mikado o flor difusora con aroma de maderas de cedro y s\u00e1ndalo, cremoso y ligeramente avainillado.<\/p>\n<div>\n<p>Destapa el frasco e introduce los mikados o flor difusora de pulpa de madera para disfrutar de una ambientaci\u00f3n suave y natural durante 3-6 meses, dependiendo del tama\u00f1o, temperatura y ventilaci\u00f3n del espacio ambientado.<\/p>\n<\/div>\n<p>100ml<\/p>\n","protected":false},"excerpt":{"rendered":"<p>Fragancia ambiente maderosa y seca<\/p>\n","protected":false},"featured_media":4187,"comment_status":"open","ping_status":"closed","template":"","meta":[],"product_brand":[],"product_cat":[94,68,76,75],"product_tag":[],"class_list":{"0":"post-4275","1":"product","2":"type-product","3":"status-publish","4":"has-post-thumbnail","6":"product_cat-reed-diffusers","7":"product_cat-fragrance-diffusers","8":"product_cat-diffuser-fragrances-es","9":"product_cat-fragrancias","10":"product_shipping_class-small-es","12":"first","13":"instock","14":"taxable","15":"shipping-taxable","16":"purchasable","17":"product-type-simple"},"_links":{"self":[{"href":"https:\/\/www.hanan-pacha.com\/en\/wp-json\/wp\/v2\/product\/4275","targetHints":{"allow":["GET"]}}],"collection":[{"href":"https:\/\/www.hanan-pacha.com\/en\/wp-json\/wp\/v2\/product"}],"about":[{"href":"https:\/\/www.hanan-pacha.com\/en\/wp-json\/wp\/v2\/types\/product"}],"replies":[{"embeddable":true,"href":"https:\/\/www.hanan-pacha.com\/en\/wp-json\/wp\/v2\/comments?post=4275"}],"wp:featuredmedia":[{"embeddable":true,"href":"https:\/\/www.hanan-pacha.com\/en\/wp-json\/wp\/v2\/media\/4187"}],"wp:attachment":[{"href":"https:\/\/www.hanan-pacha.com\/en\/wp-json\/wp\/v2\/media?parent=4275"}],"wp:term":[{"taxonomy":"product_brand","embeddable":true,"href":"https:\/\/www.hanan-pacha.com\/en\/wp-json\/wp\/v2\/product_brand?post=4275"},{"taxonomy":"product_cat","embeddable":true,"href":"https:\/\/www.hanan-pacha.com\/en\/wp-json\/wp\/v2\/product_cat?post=4275"},{"taxonomy":"product_tag","embeddable":true,"href":"https:\/\/www.hanan-pacha.com\/en\/wp-json\/wp\/v2\/product_tag?post=4275"}],"curies":[{"name":"wp","href":"https:\/\/api.w.org\/{rel}","templated":true}]}}