{"id":4279,"date":"2022-11-04T03:32:32","date_gmt":"2022-11-04T03:32:32","guid":{"rendered":"https:\/\/www.hanan-pacha.com\/?post_type=product&#038;p=4279"},"modified":"2022-12-05T08:46:25","modified_gmt":"2022-12-05T08:46:25","slug":"ambientador-fragancia-tahiti7","status":"publish","type":"product","link":"https:\/\/www.hanan-pacha.com\/en\/product\/ambientador-fragancia-tahiti7\/","title":{"rendered":"Ambientador Fragancia Tahiti 7"},"content":{"rendered":"<p>Ambientador fragancia TAHITI 7 para mikado o flor difusora con las notas florales y afrutadas, dulces y ex\u00f3ticas del ylang-ylang, la vaina de tonka y el pomelo rosa. Un para\u00edso tropical en un frasco&#8230;<\/p>\n<p>Destapa la botella e introduce los mikados o flores difusoras de pulpa de madera de tu elecci\u00f3n para disfrutar de una ambientaci\u00f3n suave y natural durante 3-6 meses, dependiendo del tama\u00f1o, temperatura y ventilaci\u00f3n del espacio ambientado. Mikados incluidos.<\/p>\n<p>100ml<\/p>\n","protected":false},"excerpt":{"rendered":"<p>Ambientador 100% natural con fragancia\u00a0floral ex\u00f3tica, dulce y afrutada<\/p>\n","protected":false},"featured_media":4187,"comment_status":"open","ping_status":"closed","template":"","meta":[],"product_brand":[],"product_cat":[94,68,76,75],"product_tag":[119,221,202],"class_list":{"0":"post-4279","1":"product","2":"type-product","3":"status-publish","4":"has-post-thumbnail","6":"product_cat-reed-diffusers","7":"product_cat-fragrance-diffusers","8":"product_cat-diffuser-fragrances-es","9":"product_cat-fragrancias","10":"product_tag-difusor","11":"product_tag-difusor-fragancia","12":"product_tag-difusor-natural-2","14":"first","15":"instock","16":"taxable","17":"shipping-taxable","18":"purchasable","19":"product-type-simple"},"_links":{"self":[{"href":"https:\/\/www.hanan-pacha.com\/en\/wp-json\/wp\/v2\/product\/4279","targetHints":{"allow":["GET"]}}],"collection":[{"href":"https:\/\/www.hanan-pacha.com\/en\/wp-json\/wp\/v2\/product"}],"about":[{"href":"https:\/\/www.hanan-pacha.com\/en\/wp-json\/wp\/v2\/types\/product"}],"replies":[{"embeddable":true,"href":"https:\/\/www.hanan-pacha.com\/en\/wp-json\/wp\/v2\/comments?post=4279"}],"wp:featuredmedia":[{"embeddable":true,"href":"https:\/\/www.hanan-pacha.com\/en\/wp-json\/wp\/v2\/media\/4187"}],"wp:attachment":[{"href":"https:\/\/www.hanan-pacha.com\/en\/wp-json\/wp\/v2\/media?parent=4279"}],"wp:term":[{"taxonomy":"product_brand","embeddable":true,"href":"https:\/\/www.hanan-pacha.com\/en\/wp-json\/wp\/v2\/product_brand?post=4279"},{"taxonomy":"product_cat","embeddable":true,"href":"https:\/\/www.hanan-pacha.com\/en\/wp-json\/wp\/v2\/product_cat?post=4279"},{"taxonomy":"product_tag","embeddable":true,"href":"https:\/\/www.hanan-pacha.com\/en\/wp-json\/wp\/v2\/product_tag?post=4279"}],"curies":[{"name":"wp","href":"https:\/\/api.w.org\/{rel}","templated":true}]}}