{"id":4284,"date":"2022-11-04T04:08:25","date_gmt":"2022-11-04T04:08:25","guid":{"rendered":"https:\/\/www.hanan-pacha.com\/?post_type=product&#038;p=4284"},"modified":"2022-11-04T04:54:00","modified_gmt":"2022-11-04T04:54:00","slug":"fragancia-ambiente-personalizada","status":"publish","type":"product","link":"https:\/\/www.hanan-pacha.com\/en\/product\/fragancia-ambiente-personalizada\/","title":{"rendered":"Fragancia Ambiente Personalizada"},"content":{"rendered":"<p>Nuestras fragancias personalizadas para ambientador mikado o difusor el\u00e9ctrico se adaptan a tus gustos y necesidades.<\/p>\n<p>Tras una consulta detallada en persona o por tel\u00e9fono, te enviamos dos muestras iniciales que modificaremos si es necesario despu\u00e9s de recibir tu feedback para formular una fragancia que re\u00fana tus requisitos (ie. alergias, preferencias arom\u00e1ticas, etc&#8230;) y que sea \u00fanica para ti, tu hogar o tu marca.<\/p>\n<p>Opciones fragancia ambiente:<\/p>\n<ul>\n<li>fragancia para difusor mikado (3 semanas)<\/li>\n<li>fragancia para difusor el\u00e9ctrico \u00a0(3 semanas)<\/li>\n<\/ul>\n<p>Todas las opciones incluyen desarrollo de formula, primera fragancia y frasco, con la posibilidad de elegir frascos m\u00e1s exclusivos de nuestra exquisita selecci\u00f3n.<\/p>\n<p>Desde EUR110.<\/p>\n","protected":false},"excerpt":{"rendered":"<p>Fragancias para el ambiente \u00fanicas 100% naturales<\/p>\n","protected":false},"featured_media":4296,"comment_status":"open","ping_status":"closed","template":"","meta":[],"product_brand":[],"product_cat":[68,77,75],"product_tag":[121,130,225],"class_list":{"0":"post-4284","1":"product","2":"type-product","3":"status-publish","4":"has-post-thumbnail","6":"product_cat-fragrance-diffusers","7":"product_cat-bespoke-es","8":"product_cat-fragrancias","9":"product_tag-ambientador","10":"product_tag-fragancia","11":"product_tag-fragancia-personalizada","12":"product_shipping_class-small-es","14":"first","15":"instock","16":"taxable","17":"shipping-taxable","18":"purchasable","19":"product-type-variable","20":"has-default-attributes"},"_links":{"self":[{"href":"https:\/\/www.hanan-pacha.com\/en\/wp-json\/wp\/v2\/product\/4284","targetHints":{"allow":["GET"]}}],"collection":[{"href":"https:\/\/www.hanan-pacha.com\/en\/wp-json\/wp\/v2\/product"}],"about":[{"href":"https:\/\/www.hanan-pacha.com\/en\/wp-json\/wp\/v2\/types\/product"}],"replies":[{"embeddable":true,"href":"https:\/\/www.hanan-pacha.com\/en\/wp-json\/wp\/v2\/comments?post=4284"}],"wp:featuredmedia":[{"embeddable":true,"href":"https:\/\/www.hanan-pacha.com\/en\/wp-json\/wp\/v2\/media\/4296"}],"wp:attachment":[{"href":"https:\/\/www.hanan-pacha.com\/en\/wp-json\/wp\/v2\/media?parent=4284"}],"wp:term":[{"taxonomy":"product_brand","embeddable":true,"href":"https:\/\/www.hanan-pacha.com\/en\/wp-json\/wp\/v2\/product_brand?post=4284"},{"taxonomy":"product_cat","embeddable":true,"href":"https:\/\/www.hanan-pacha.com\/en\/wp-json\/wp\/v2\/product_cat?post=4284"},{"taxonomy":"product_tag","embeddable":true,"href":"https:\/\/www.hanan-pacha.com\/en\/wp-json\/wp\/v2\/product_tag?post=4284"}],"curies":[{"name":"wp","href":"https:\/\/api.w.org\/{rel}","templated":true}]}}