{"id":4383,"date":"2022-12-01T15:07:47","date_gmt":"2022-12-01T15:07:47","guid":{"rendered":"https:\/\/www.hanan-pacha.com\/?post_type=product&#038;p=4383"},"modified":"2022-12-01T15:55:39","modified_gmt":"2022-12-01T15:55:39","slug":"vela-perfumada-de-soja-bluefields","status":"publish","type":"product","link":"https:\/\/www.hanan-pacha.com\/en\/product\/vela-perfumada-de-soja-bluefields\/","title":{"rendered":"Vela perfumada de soja &#8211; Bluefields"},"content":{"rendered":"<p>Velas perfumadas elaboradas artesanalmente en Espa\u00f1a con nuestra fragancia Bluefields de origen bot\u00e1nico en una mezcla de cera de soja procedente de Europa y libre de transg\u00e9nicos y otras ceras vegetales sostenibles.<\/p>\n<p>Disponible en nuestras cuatro fragancias: Bluefields, Underwood, Orangerie y Tahiti 7.<\/p>\n<p>Producto 100% natural, vegano y biodegradable de quemado limpio y libre de t\u00f3xicos.<\/p>\n<p>140ml.<\/p>\n","protected":false},"excerpt":{"rendered":"<p>Velas perfumadas elaboradas artesanalmente en Espa\u00f1a con nuestra fragancia Bluefields de origen bot\u00e1nico en una mezcla de cera de soja procedente de Europa y libre de transg\u00e9nicos y otras ceras vegetales sostenibles. Disponible en nuestras cuatro fragancias: Bluefields, Underwood, Orangerie y Tahiti 7. Producto 100%&#8230;<\/p>\n","protected":false},"featured_media":4343,"comment_status":"open","ping_status":"closed","template":"","meta":[],"product_brand":[],"product_cat":[235],"product_tag":[229,230,226,228,227],"class_list":{"0":"post-4383","1":"product","2":"type-product","3":"status-publish","4":"has-post-thumbnail","6":"product_cat-velas","7":"product_tag-natural","8":"product_tag-vegana","9":"product_tag-vela","10":"product_tag-vela-aromatica","11":"product_tag-vela-perfumada","12":"product_shipping_class-small-es","14":"first","15":"instock","16":"taxable","17":"shipping-taxable","18":"purchasable","19":"product-type-simple"},"_links":{"self":[{"href":"https:\/\/www.hanan-pacha.com\/en\/wp-json\/wp\/v2\/product\/4383","targetHints":{"allow":["GET"]}}],"collection":[{"href":"https:\/\/www.hanan-pacha.com\/en\/wp-json\/wp\/v2\/product"}],"about":[{"href":"https:\/\/www.hanan-pacha.com\/en\/wp-json\/wp\/v2\/types\/product"}],"replies":[{"embeddable":true,"href":"https:\/\/www.hanan-pacha.com\/en\/wp-json\/wp\/v2\/comments?post=4383"}],"wp:featuredmedia":[{"embeddable":true,"href":"https:\/\/www.hanan-pacha.com\/en\/wp-json\/wp\/v2\/media\/4343"}],"wp:attachment":[{"href":"https:\/\/www.hanan-pacha.com\/en\/wp-json\/wp\/v2\/media?parent=4383"}],"wp:term":[{"taxonomy":"product_brand","embeddable":true,"href":"https:\/\/www.hanan-pacha.com\/en\/wp-json\/wp\/v2\/product_brand?post=4383"},{"taxonomy":"product_cat","embeddable":true,"href":"https:\/\/www.hanan-pacha.com\/en\/wp-json\/wp\/v2\/product_cat?post=4383"},{"taxonomy":"product_tag","embeddable":true,"href":"https:\/\/www.hanan-pacha.com\/en\/wp-json\/wp\/v2\/product_tag?post=4383"}],"curies":[{"name":"wp","href":"https:\/\/api.w.org\/{rel}","templated":true}]}}