{"id":4386,"date":"2022-12-01T15:42:21","date_gmt":"2022-12-01T15:42:21","guid":{"rendered":"https:\/\/www.hanan-pacha.com\/?post_type=product&#038;p=4386"},"modified":"2022-12-01T15:55:05","modified_gmt":"2022-12-01T15:55:05","slug":"vela-perfumada-de-cera-de-abeja-underwood","status":"publish","type":"product","link":"https:\/\/www.hanan-pacha.com\/en\/product\/vela-perfumada-de-cera-de-abeja-underwood\/","title":{"rendered":"Vela perfumada de cera de abeja &#8211; Underwood"},"content":{"rendered":"<p>Velas perfumadas elaboradas artesanalmente en Espa\u00f1a con nuestra fragancia Underwood de origen bot\u00e1nico y cera de abeja ecol\u00f3gica producida artesanalmente en nuestra provincia.<\/p>\n<p>Disponible en nuestras cuatro fragancias: Bluefields, Underwood, Orangerie y Tahiti 7.<\/p>\n<p>Producto 100% natural y biodegradable de quemado limpio y libre de t\u00f3xicos.<\/p>\n<p>140ml.<\/p>\n","protected":false},"excerpt":{"rendered":"<p>Velas perfumadas elaboradas artesanalmente en Espa\u00f1a con fragancias de origen bot\u00e1nico y cera de abeja ecol\u00f3gica de nuestra sierra<\/p>\n","protected":false},"featured_media":4352,"comment_status":"open","ping_status":"closed","template":"","meta":[],"product_brand":[],"product_cat":[235],"product_tag":[233,234,229,226,228,227],"class_list":{"0":"post-4386","1":"product","2":"type-product","3":"status-publish","4":"has-post-thumbnail","6":"product_cat-velas","7":"product_tag-antiacaros","8":"product_tag-antialergenica","9":"product_tag-natural","10":"product_tag-vela","11":"product_tag-vela-aromatica","12":"product_tag-vela-perfumada","13":"product_shipping_class-small-es","15":"first","16":"instock","17":"taxable","18":"shipping-taxable","19":"purchasable","20":"product-type-simple"},"_links":{"self":[{"href":"https:\/\/www.hanan-pacha.com\/en\/wp-json\/wp\/v2\/product\/4386","targetHints":{"allow":["GET"]}}],"collection":[{"href":"https:\/\/www.hanan-pacha.com\/en\/wp-json\/wp\/v2\/product"}],"about":[{"href":"https:\/\/www.hanan-pacha.com\/en\/wp-json\/wp\/v2\/types\/product"}],"replies":[{"embeddable":true,"href":"https:\/\/www.hanan-pacha.com\/en\/wp-json\/wp\/v2\/comments?post=4386"}],"wp:featuredmedia":[{"embeddable":true,"href":"https:\/\/www.hanan-pacha.com\/en\/wp-json\/wp\/v2\/media\/4352"}],"wp:attachment":[{"href":"https:\/\/www.hanan-pacha.com\/en\/wp-json\/wp\/v2\/media?parent=4386"}],"wp:term":[{"taxonomy":"product_brand","embeddable":true,"href":"https:\/\/www.hanan-pacha.com\/en\/wp-json\/wp\/v2\/product_brand?post=4386"},{"taxonomy":"product_cat","embeddable":true,"href":"https:\/\/www.hanan-pacha.com\/en\/wp-json\/wp\/v2\/product_cat?post=4386"},{"taxonomy":"product_tag","embeddable":true,"href":"https:\/\/www.hanan-pacha.com\/en\/wp-json\/wp\/v2\/product_tag?post=4386"}],"curies":[{"name":"wp","href":"https:\/\/api.w.org\/{rel}","templated":true}]}}