{"id":4582,"date":"2024-12-24T13:33:59","date_gmt":"2024-12-24T13:33:59","guid":{"rendered":"https:\/\/www.hanan-pacha.com\/?post_type=product&#038;p=4582"},"modified":"2024-12-24T13:34:00","modified_gmt":"2024-12-24T13:34:00","slug":"vela-aromatica-decorativa","status":"publish","type":"product","link":"https:\/\/www.hanan-pacha.com\/en\/product\/vela-aromatica-decorativa\/","title":{"rendered":"Vela arom\u00e1tica decorativa"},"content":{"rendered":"<p>Esta preciosa vela arom\u00e1tica decorativa es 100% natural, est\u00e1 elaborada a mano con fragancias bot\u00e1nicas y ceras vegetales de coco y soja europea en tarro de cristal tallado reutilizable, disponible en 5 colores diferentes (rosa, lavanda, champagne, verde esmeralda y multicolor).<\/p>\n","protected":false},"excerpt":{"rendered":"<p>Esta preciosa vela arom\u00e1tica decorativa es 100% natural, est\u00e1 elaborada a mano con fragancias bot\u00e1nicas y ceras vegetales de coco y soja europea en tarro de cristal tallado reutilizable, disponible en 5 colores diferentes (rosa, lavanda, champagne, verde esmeralda y multicolor).<\/p>\n","protected":false},"featured_media":4590,"comment_status":"open","ping_status":"closed","template":"","meta":[],"product_brand":[],"product_cat":[],"product_tag":[],"class_list":{"0":"post-4582","1":"product","2":"type-product","3":"status-publish","4":"has-post-thumbnail","6":"product_shipping_class-small-es","8":"first","9":"instock","10":"taxable","11":"shipping-taxable","12":"purchasable","13":"product-type-variable"},"_links":{"self":[{"href":"https:\/\/www.hanan-pacha.com\/en\/wp-json\/wp\/v2\/product\/4582","targetHints":{"allow":["GET"]}}],"collection":[{"href":"https:\/\/www.hanan-pacha.com\/en\/wp-json\/wp\/v2\/product"}],"about":[{"href":"https:\/\/www.hanan-pacha.com\/en\/wp-json\/wp\/v2\/types\/product"}],"replies":[{"embeddable":true,"href":"https:\/\/www.hanan-pacha.com\/en\/wp-json\/wp\/v2\/comments?post=4582"}],"wp:featuredmedia":[{"embeddable":true,"href":"https:\/\/www.hanan-pacha.com\/en\/wp-json\/wp\/v2\/media\/4590"}],"wp:attachment":[{"href":"https:\/\/www.hanan-pacha.com\/en\/wp-json\/wp\/v2\/media?parent=4582"}],"wp:term":[{"taxonomy":"product_brand","embeddable":true,"href":"https:\/\/www.hanan-pacha.com\/en\/wp-json\/wp\/v2\/product_brand?post=4582"},{"taxonomy":"product_cat","embeddable":true,"href":"https:\/\/www.hanan-pacha.com\/en\/wp-json\/wp\/v2\/product_cat?post=4582"},{"taxonomy":"product_tag","embeddable":true,"href":"https:\/\/www.hanan-pacha.com\/en\/wp-json\/wp\/v2\/product_tag?post=4582"}],"curies":[{"name":"wp","href":"https:\/\/api.w.org\/{rel}","templated":true}]}}